{"id":199,"date":"2020-01-06T14:52:50","date_gmt":"2020-01-06T14:52:50","guid":{"rendered":"http:\/\/radsegler.de\/?page_id=199"},"modified":"2020-11-24T22:37:53","modified_gmt":"2020-11-24T22:37:53","slug":"das-richtige-rad-fuer-die-segelyacht","status":"publish","type":"page","link":"https:\/\/radsegler.de\/?page_id=199","title":{"rendered":"Das richtige Rad f\u00fcr die Segelyacht"},"content":{"rendered":"\n<p>Das richtige Rad f\u00fcr die auf diesen Seiten beschriebenen Touren gibt es nicht. F\u00e4hrt man auf einer glatten Teerstra\u00dfe, w\u00fcnscht man sich ein leichtes Rennrad mit h\u00f6chstem Reifendruck. Umgekehrt verlaufen manche der beschriebenen Strecken &#8211; h\u00e4ufig gerade die landschaftlich besonders reizvollen &#8211; auf kleinen Trails, f\u00fcr die ein vollgefedertes Mountainbike mit viel Federweg ideal w\u00e4re. Da mehr als ein Satz Fahrr\u00e4der f\u00fcr die Crew <font color=\"#000120\"><a href=\"https:\/\/radsegler.de\/?page_id=96\">auf einer (normalen) Yacht kaum unterzubringen ist<\/a><\/font>, f\u00fchrt kein Weg an einem Kompromiss vorbei.<\/p>\n\n\n\n<p>Ein zweiter Gesichtspunkt kommt hinzu: Bike-Shops mit Reparaturm\u00f6glichkeiten f\u00fcr High-End-R\u00e4der wird man weder an der kroatischen K\u00fcste noch an den anderen Orten finden, die auf diesen Seiten beschrieben werden. Ersatzteile f\u00fcr den eigenen Schiffsdiesel zu bekommen ist deutlich einfacher als Spezialteile f\u00fcr das Fahrrad aufzutreiben. Komplexere technische Probleme sind daher zumeist das Ende der Radfahrvergn\u00fcgens. So war es jedenfalls bei mir, als in <a href=\"https:\/\/radsegler.de\/?p=73\">Novigrad<\/a> am Ende einer Tour die Luftgabel versagt hat.<\/p>\n\n\n\n<p>Es empfiehlt sich daher, ein Rad zu verwenden, das zum einen vielseitig einsetzbar ist und zum anderen wenig Reparaturaufwand ben\u00f6tigt oder nur Wartungsarbeiten, die man mit Bordmitteln selber durchf\u00fchren kann. Dies gilt insbesondere f\u00fcr Eigner, die ihre Fahrr\u00e4der dauerhaft an ihrem Liegeplatz haben und nicht immer mit nach Hause nehmen wollen. Als Charterer ist man flexibler aber man hat dann noch das Problem wie die Fahrr\u00e4der mit an &#8211; und abreisen.<\/p>\n\n\n\n<p>Im Ergebnis kommen Treckingbikes, Gravelbikes oder ein Hardtail-Mountainbike mit Stahlfedergabel wie dieses hier in Betracht:<\/p>\n\n\n\n<figure class=\"wp-block-image size-large\"><img loading=\"lazy\" decoding=\"async\" width=\"1024\" height=\"768\" src=\"https:\/\/radsegler.de\/wp-content\/uploads\/2020\/01\/IMG_E1580-1-1024x768.jpg\" alt=\"\" class=\"wp-image-205\" srcset=\"https:\/\/radsegler.de\/wp-content\/uploads\/2020\/01\/IMG_E1580-1-1024x768.jpg 1024w, https:\/\/radsegler.de\/wp-content\/uploads\/2020\/01\/IMG_E1580-1-300x225.jpg 300w, https:\/\/radsegler.de\/wp-content\/uploads\/2020\/01\/IMG_E1580-1-768x576.jpg 768w, https:\/\/radsegler.de\/wp-content\/uploads\/2020\/01\/IMG_E1580-1-1536x1152.jpg 1536w, https:\/\/radsegler.de\/wp-content\/uploads\/2020\/01\/IMG_E1580-1-2048x1536.jpg 2048w, https:\/\/radsegler.de\/wp-content\/uploads\/2020\/01\/IMG_E1580-1-1200x900.jpg 1200w\" sizes=\"auto, (max-width: 767px) 89vw, (max-width: 1000px) 54vw, (max-width: 1071px) 543px, 580px\" \/><\/figure>\n\n\n\n<p>Kennzeichen sind eine einfache Technik und die M\u00f6glichkeit, \u00fcber eine Einstellung des Luftdrucks in den Reifen eine gewisse Anpassung an den Untergrund zu erm\u00f6glichen.<\/p>\n\n\n\n<p>Zwei Hinweise noch: Wer keinen Rucksack tragen m\u00f6chte, sollte jedenfalls einen Gep\u00e4cktr\u00e4ger wie im Bild oben verwenden, der sich schnell demontieren l\u00e4sst. Das erleichtert das Verstauen des Rades auf dem Boot. Und f\u00fcr Eigner gilt, dass die R\u00e4der auch am eigenen Liegeplatz immer im Innern der Yacht (mit aufgestelltem Luftentfeuchter) gelagert werden sollten, da sonst die salzhaltige Luft sehr schnell zu Korrosionssch\u00e4den aller Art am Rad f\u00fchrt.<\/p>\n","protected":false},"excerpt":{"rendered":"<p>Das richtige Rad f\u00fcr die auf diesen Seiten beschriebenen Touren gibt es nicht. F\u00e4hrt man auf einer glatten Teerstra\u00dfe, w\u00fcnscht man sich ein leichtes Rennrad mit h\u00f6chstem Reifendruck. Umgekehrt verlaufen manche der beschriebenen Strecken &#8211; h\u00e4ufig gerade die landschaftlich besonders reizvollen &#8211; auf kleinen Trails, f\u00fcr die ein vollgefedertes Mountainbike mit viel Federweg ideal w\u00e4re. &hellip; <\/p>\n<p class=\"link-more\"><a href=\"https:\/\/radsegler.de\/?page_id=199\" class=\"more-link\"><span class=\"screen-reader-text\">\u201eDas richtige Rad f\u00fcr die Segelyacht\u201c <\/span>weiterlesen<\/a><\/p>\n","protected":false},"author":1,"featured_media":0,"parent":0,"menu_order":0,"comment_status":"closed","ping_status":"closed","template":"","meta":{"footnotes":""},"class_list":["post-199","page","type-page","status-publish","hentry"],"_links":{"self":[{"href":"https:\/\/radsegler.de\/index.php?rest_route=\/wp\/v2\/pages\/199","targetHints":{"allow":["GET"]}}],"collection":[{"href":"https:\/\/radsegler.de\/index.php?rest_route=\/wp\/v2\/pages"}],"about":[{"href":"https:\/\/radsegler.de\/index.php?rest_route=\/wp\/v2\/types\/page"}],"author":[{"embeddable":true,"href":"https:\/\/radsegler.de\/index.php?rest_route=\/wp\/v2\/users\/1"}],"replies":[{"embeddable":true,"href":"https:\/\/radsegler.de\/index.php?rest_route=%2Fwp%2Fv2%2Fcomments&post=199"}],"version-history":[{"count":11,"href":"https:\/\/radsegler.de\/index.php?rest_route=\/wp\/v2\/pages\/199\/revisions"}],"predecessor-version":[{"id":852,"href":"https:\/\/radsegler.de\/index.php?rest_route=\/wp\/v2\/pages\/199\/revisions\/852"}],"wp:attachment":[{"href":"https:\/\/radsegler.de\/index.php?rest_route=%2Fwp%2Fv2%2Fmedia&parent=199"}],"curies":[{"name":"wp","href":"https:\/\/api.w.org\/{rel}","templated":true}]}}