{"id":25,"date":"2020-01-03T09:19:24","date_gmt":"2020-01-03T09:19:24","guid":{"rendered":"http:\/\/radsegler.de\/?page_id=25"},"modified":"2020-01-11T15:13:25","modified_gmt":"2020-01-11T15:13:25","slug":"landschaft-erleben-vom-wasser-und-vom-land-aus","status":"publish","type":"page","link":"https:\/\/radsegler.de\/?page_id=25","title":{"rendered":"Landschaft erleben vom Wasser und vom Land aus"},"content":{"rendered":"\n<figure class=\"wp-block-image size-large\"><img loading=\"lazy\" decoding=\"async\" width=\"1024\" height=\"623\" src=\"https:\/\/radsegler.de\/wp-content\/uploads\/2020\/01\/IMG_E1577-1024x623.jpg\" alt=\"\" class=\"wp-image-29\" srcset=\"https:\/\/radsegler.de\/wp-content\/uploads\/2020\/01\/IMG_E1577-1024x623.jpg 1024w, https:\/\/radsegler.de\/wp-content\/uploads\/2020\/01\/IMG_E1577-300x183.jpg 300w, https:\/\/radsegler.de\/wp-content\/uploads\/2020\/01\/IMG_E1577-768x467.jpg 768w, https:\/\/radsegler.de\/wp-content\/uploads\/2020\/01\/IMG_E1577-1536x934.jpg 1536w, https:\/\/radsegler.de\/wp-content\/uploads\/2020\/01\/IMG_E1577-2048x1246.jpg 2048w\" sizes=\"auto, (max-width: 767px) 89vw, (max-width: 1000px) 54vw, (max-width: 1071px) 543px, 580px\" \/><figcaption>Mediterrane K\u00fcstenlandschaft in Slowenien<\/figcaption><\/figure>\n\n\n\n<p>Geht es Ihnen auch so ? Wenn man mit dem Rennrad oder Mountainbike auf einer K\u00fcstenstra\u00dfe oder einem Trail unterwegs ist, kommt der Gedanke auf, wie sch\u00f6n es wohl w\u00e4re, das Ufer mit seinen Buchten vom Wasser aus zu erkunden. Umgekehrt fragt man sich beim Segeln entlang einer K\u00fcste manchmal,  wie es wohl weiter im Landesinneren aussieht. Der Radius der meisten Segler ist jedoch auf den Spaziergang zum n\u00e4chsten Restaurant und damit auf wenige Kilometer um den jeweiligen Hafen begrenzt. <\/p>\n\n\n\n<p>Diese Seiten sollen Anregungen geben, wie man beides miteinander verbinden kann. Segeln und Radfahren erm\u00f6glichen das eigene Erfahren von Landschaftsr\u00e4umen am Meer, das Verstehen von geographischen und  historischen Zusammenh\u00e4ngen. Erst mit dem Rad erschlie\u00dft sich sozusagen die dritte Dimension einer K\u00fcstenlandschaft, wenn der Blick von oben \u00fcber das Meer zu den Buchten und Inseln geht, die man zuvor oder sp\u00e4ter noch mit der Yacht ansteuert.<\/p>\n\n\n\n<p>Au\u00dferdem ist Radfahren auch ein gesunder Ausgleich, denn Segeln gilt zwar allgemein als ein Sport aber ehrlich betrachtet bewegt man sich auf einer Fahrtenyacht wenig bis gar nicht (jedenfalls beim Sch\u00f6nwettersegeln im Mittelmeer). Beim Radfahren ist das ganz anders &#8211; solange noch kein elektrischer Hilfsmotor mit im Spiel ist. <\/p>\n\n\n\n<p>Zuletzt m\u00f6chte ich mit diesen Seiten auch etwas zur\u00fcckgeben f\u00fcr die vielen Anregungen und technischen Hilfestellungen, die ich in den letzten Jahren beim Einstieg in das K\u00fcstensegeln im Netz gefunden habe. Blogs wie <a href=\"http:\/\/marepiu.blogspot.com\">Mare Pi\u00f9<\/a> oder <a href=\"http:\/\/untersegeln.eu\">Unter Segeln<\/a> waren und sind Quellen der Inspiration f\u00fcr Segelt\u00f6rns  ebenso wie diverse technische Anleitungen von <a href=\"http:\/\/mergerandfriends.de\">Merger &amp; Friends<\/a> oder in den bekannten Onlineforen der Zeitschrift Yacht und anderer.<\/p>\n\n\n\n<p><\/p>\n\n\n\n<p><\/p>\n","protected":false},"excerpt":{"rendered":"<p>Geht es Ihnen auch so ? Wenn man mit dem Rennrad oder Mountainbike auf einer K\u00fcstenstra\u00dfe oder einem Trail unterwegs ist, kommt der Gedanke auf, wie sch\u00f6n es wohl w\u00e4re, das Ufer mit seinen Buchten vom Wasser aus zu erkunden. Umgekehrt fragt man sich beim Segeln entlang einer K\u00fcste manchmal, wie es wohl weiter im &hellip; <\/p>\n<p class=\"link-more\"><a href=\"https:\/\/radsegler.de\/?page_id=25\" class=\"more-link\"><span class=\"screen-reader-text\">\u201eLandschaft erleben vom Wasser und vom Land aus\u201c <\/span>weiterlesen<\/a><\/p>\n","protected":false},"author":1,"featured_media":0,"parent":0,"menu_order":0,"comment_status":"closed","ping_status":"closed","template":"","meta":{"footnotes":""},"class_list":["post-25","page","type-page","status-publish","hentry"],"_links":{"self":[{"href":"https:\/\/radsegler.de\/index.php?rest_route=\/wp\/v2\/pages\/25","targetHints":{"allow":["GET"]}}],"collection":[{"href":"https:\/\/radsegler.de\/index.php?rest_route=\/wp\/v2\/pages"}],"about":[{"href":"https:\/\/radsegler.de\/index.php?rest_route=\/wp\/v2\/types\/page"}],"author":[{"embeddable":true,"href":"https:\/\/radsegler.de\/index.php?rest_route=\/wp\/v2\/users\/1"}],"replies":[{"embeddable":true,"href":"https:\/\/radsegler.de\/index.php?rest_route=%2Fwp%2Fv2%2Fcomments&post=25"}],"version-history":[{"count":14,"href":"https:\/\/radsegler.de\/index.php?rest_route=\/wp\/v2\/pages\/25\/revisions"}],"predecessor-version":[{"id":332,"href":"https:\/\/radsegler.de\/index.php?rest_route=\/wp\/v2\/pages\/25\/revisions\/332"}],"wp:attachment":[{"href":"https:\/\/radsegler.de\/index.php?rest_route=%2Fwp%2Fv2%2Fmedia&parent=25"}],"curies":[{"name":"wp","href":"https:\/\/api.w.org\/{rel}","templated":true}]}}