{"id":96,"date":"2020-01-04T12:17:09","date_gmt":"2020-01-04T12:17:09","guid":{"rendered":"http:\/\/radsegler.de\/?page_id=96"},"modified":"2020-01-04T12:17:09","modified_gmt":"2020-01-04T12:17:09","slug":"fahrraeder-auf-einer-yacht-mitnehmen-geht-das","status":"publish","type":"page","link":"https:\/\/radsegler.de\/?page_id=96","title":{"rendered":"Fahrr\u00e4der auf einer Yacht mitnehmen &#8211; geht das ?"},"content":{"rendered":"\n<p>Stauraum ist fast auf jeder Charter- oder Eigneryacht ein Problem, wenn man nicht gerade mit  einem Schiff wie diesem hier unterwegs ist. <\/p>\n\n\n\n<figure class=\"wp-block-image size-large\"><img loading=\"lazy\" decoding=\"async\" width=\"1024\" height=\"559\" src=\"https:\/\/radsegler.de\/wp-content\/uploads\/2020\/01\/IMG_E0826-1024x559.jpg\" alt=\"\" class=\"wp-image-97\" srcset=\"https:\/\/radsegler.de\/wp-content\/uploads\/2020\/01\/IMG_E0826-1024x559.jpg 1024w, https:\/\/radsegler.de\/wp-content\/uploads\/2020\/01\/IMG_E0826-300x164.jpg 300w, https:\/\/radsegler.de\/wp-content\/uploads\/2020\/01\/IMG_E0826-768x419.jpg 768w, https:\/\/radsegler.de\/wp-content\/uploads\/2020\/01\/IMG_E0826-1536x839.jpg 1536w, https:\/\/radsegler.de\/wp-content\/uploads\/2020\/01\/IMG_E0826-2048x1118.jpg 2048w\" sizes=\"auto, (max-width: 767px) 89vw, (max-width: 1000px) 54vw, (max-width: 1071px) 543px, 580px\" \/><\/figure>\n\n\n\n<p>Zum Stauen auf der Yacht sind nat\u00fcrlich Klapp- oder Faltr\u00e4der ideal, die auch von vielen Seglern verwendet werden, allerdings meistens nur zur Fahrt bis zum n\u00e4chsten Supermarkt. F\u00fcr die auf diesen Seiten beschriebenen Touren sind solche R\u00e4der in aller Regel nicht geeignet, da man damit auf schlechtem Untergrund und bei gr\u00f6\u00dferen Steigungen schnell an seine Grenzen st\u00f6sst. Die einzige mir bekannte Ausnahme ist das <a href=\"https:\/\/www.r-m.de\/de\/modelle\/birdy\/\">Birdy<\/a> von Riese &amp; M\u00fcller, das mit seiner Vorderradfederung auch auf schlechtem Untergrund ganz gut f\u00e4hrt. Allerdings sollte man dann ein Modell mit einer Gangschaltung w\u00e4hlen, die einen breiten \u00dcbersetzungsbereich abdeckt.<\/p>\n\n\n\n<p>Ab der Gr\u00f6\u00dfe einer Dreikabinenyacht steht manchmal eine Achterkabine zur Verf\u00fcgung, die von der Crew nicht belegt ist und (auch) zur Unterbringung der Fahrr\u00e4der genutzt werden kann. Baut man das Vorderrad aus, l\u00e4sst sich ein normales Mountainbike oder Rennrad vorsichtig zu zweit den Niedergang herunterbugsieren und sicher in der Achterkabine verstauen. Bew\u00e4hrt hat sich die Verwendung von mehreren alten Decken oder \u00e4hnlichem, um Besch\u00e4digungen der Yacht oder des Fahrrades bei Seegang zu vermeiden &#8211; immer in Gedanken an die Pamir, die wegen schlecht gestauter Ladung untergegangen ist!<\/p>\n\n\n\n<p>Ja und dann verbleibt noch das Problem, wie man das Rad an und von Bord bringt. Hier sind Chartersegler h\u00e4ufig im Nachteil, da \u00fcblicherweise nur eine Holzplanke zur Verf\u00fcgung steht, um vom Boot an Land zu kommen.  Besser ist eine Gangway, die am Schiff einen definierten Auflagepunkt hat. Zum Beispiel hat die Gangway im Bild unten an ihrem Ende zum Boot hin einen Zapfen nach unten, der in eine daf\u00fcr speziell vorgesehene Vertiefung auf der Oberseite der hochgelappten Badeplattform eingreift (im Bild leider nicht sichtbar). Da kann beim Schritt \u00fcber den Abgrund nichts ins Rutschen kommen.<\/p>\n\n\n\n<figure class=\"wp-block-image size-large\"><img loading=\"lazy\" decoding=\"async\" width=\"1024\" height=\"768\" src=\"https:\/\/radsegler.de\/wp-content\/uploads\/2020\/01\/IMG_1513-1024x768.jpg\" alt=\"\" class=\"wp-image-98\" srcset=\"https:\/\/radsegler.de\/wp-content\/uploads\/2020\/01\/IMG_1513-1024x768.jpg 1024w, https:\/\/radsegler.de\/wp-content\/uploads\/2020\/01\/IMG_1513-300x225.jpg 300w, https:\/\/radsegler.de\/wp-content\/uploads\/2020\/01\/IMG_1513-768x576.jpg 768w, https:\/\/radsegler.de\/wp-content\/uploads\/2020\/01\/IMG_1513-1536x1152.jpg 1536w, https:\/\/radsegler.de\/wp-content\/uploads\/2020\/01\/IMG_1513-2048x1536.jpg 2048w\" sizes=\"auto, (max-width: 767px) 89vw, (max-width: 1000px) 54vw, (max-width: 1071px) 543px, 580px\" \/><\/figure>\n\n\n\n<p>Die gute Nachricht ist, dass das Problem in Zukunft etwas weniger relevant wird, da sich in Marinas immer mehr Schwimmstege finden.  Dann kann das Fahrrad gezeitenunabh\u00e4ngig ohne die \u00dcberbr\u00fcckung eines H\u00f6henunterschieds leicht an Bord gebracht werden, wenn man die Yacht nur genau genug eingeparkt hat.<\/p>\n\n\n\n<p>Wem das alles zu aufregend ist, der hat nat\u00fcrlich auch die M\u00f6glichkeit in vielen der hier beschriebenen Orte R\u00e4der auszuleihen. Die Qualit\u00e4t dieser R\u00e4der ist jedoch bislang  eher zweifelhaft &#8211; so jedenfalls meine Erfahrungen.<\/p>\n","protected":false},"excerpt":{"rendered":"<p>Stauraum ist fast auf jeder Charter- oder Eigneryacht ein Problem, wenn man nicht gerade mit einem Schiff wie diesem hier unterwegs ist. Zum Stauen auf der Yacht sind nat\u00fcrlich Klapp- oder Faltr\u00e4der ideal, die auch von vielen Seglern verwendet werden, allerdings meistens nur zur Fahrt bis zum n\u00e4chsten Supermarkt. F\u00fcr die auf diesen Seiten beschriebenen &hellip; <\/p>\n<p class=\"link-more\"><a href=\"https:\/\/radsegler.de\/?page_id=96\" class=\"more-link\"><span class=\"screen-reader-text\">\u201eFahrr\u00e4der auf einer Yacht mitnehmen &#8211; geht das ?\u201c <\/span>weiterlesen<\/a><\/p>\n","protected":false},"author":1,"featured_media":0,"parent":0,"menu_order":0,"comment_status":"closed","ping_status":"closed","template":"","meta":{"footnotes":""},"class_list":["post-96","page","type-page","status-publish","hentry"],"_links":{"self":[{"href":"https:\/\/radsegler.de\/index.php?rest_route=\/wp\/v2\/pages\/96","targetHints":{"allow":["GET"]}}],"collection":[{"href":"https:\/\/radsegler.de\/index.php?rest_route=\/wp\/v2\/pages"}],"about":[{"href":"https:\/\/radsegler.de\/index.php?rest_route=\/wp\/v2\/types\/page"}],"author":[{"embeddable":true,"href":"https:\/\/radsegler.de\/index.php?rest_route=\/wp\/v2\/users\/1"}],"replies":[{"embeddable":true,"href":"https:\/\/radsegler.de\/index.php?rest_route=%2Fwp%2Fv2%2Fcomments&post=96"}],"version-history":[{"count":5,"href":"https:\/\/radsegler.de\/index.php?rest_route=\/wp\/v2\/pages\/96\/revisions"}],"predecessor-version":[{"id":1402,"href":"https:\/\/radsegler.de\/index.php?rest_route=\/wp\/v2\/pages\/96\/revisions\/1402"}],"wp:attachment":[{"href":"https:\/\/radsegler.de\/index.php?rest_route=%2Fwp%2Fv2%2Fmedia&parent=96"}],"curies":[{"name":"wp","href":"https:\/\/api.w.org\/{rel}","templated":true}]}}